{"id":2018,"date":"2021-09-09T09:16:28","date_gmt":"2021-09-09T07:16:28","guid":{"rendered":"https:\/\/www.globalfields.eu\/impressum\/"},"modified":"2026-03-31T09:01:06","modified_gmt":"2026-03-31T07:01:06","slug":"impressum","status":"publish","type":"page","link":"https:\/\/www.globalfields.eu\/de\/impressum\/","title":{"rendered":"Impressum"},"content":{"rendered":"\t\t<div data-elementor-type=\"wp-page\" data-elementor-id=\"2018\" class=\"elementor elementor-2018 elementor-1993\" data-elementor-post-type=\"page\">\n\t\t\t\t\t\t<section class=\"elementor-section elementor-top-section elementor-element elementor-element-2b55c9cb elementor-section-content-middle elementor-section-boxed elementor-section-height-default elementor-section-height-default\" data-id=\"2b55c9cb\" data-element_type=\"section\" data-e-type=\"section\" data-settings=\"{&quot;background_background&quot;:&quot;classic&quot;}\">\n\t\t\t\t\t\t<div class=\"elementor-container elementor-column-gap-no\">\n\t\t\t\t\t<div class=\"elementor-column elementor-col-100 elementor-top-column elementor-element elementor-element-5ce603ba\" data-id=\"5ce603ba\" data-element_type=\"column\" data-e-type=\"column\">\n\t\t\t<div class=\"elementor-widget-wrap elementor-element-populated\">\n\t\t\t\t\t\t<div class=\"elementor-element elementor-element-58293265 elementor-align-left elementor-widget elementor-widget-breadcrumbs\" data-id=\"58293265\" data-element_type=\"widget\" data-e-type=\"widget\" data-widget_type=\"breadcrumbs.default\">\n\t\t\t\t<div class=\"elementor-widget-container\">\n\t\t\t\t\t<p id=\"breadcrumbs\"><span><span><a href=\"https:\/\/www.globalfields.eu\/\">Home<\/a><\/span><\/span><\/p>\t\t\t\t<\/div>\n\t\t\t\t<\/div>\n\t\t\t\t\t<\/div>\n\t\t<\/div>\n\t\t\t\t\t<\/div>\n\t\t<\/section>\n\t\t\t\t<section class=\"elementor-section elementor-top-section elementor-element elementor-element-196d8bbf elementor-section-boxed elementor-section-height-default elementor-section-height-default\" data-id=\"196d8bbf\" data-element_type=\"section\" data-e-type=\"section\">\n\t\t\t\t\t\t<div class=\"elementor-container elementor-column-gap-default\">\n\t\t\t\t\t<div class=\"elementor-column elementor-col-100 elementor-top-column elementor-element elementor-element-29af9a76\" data-id=\"29af9a76\" data-element_type=\"column\" data-e-type=\"column\">\n\t\t\t<div class=\"elementor-widget-wrap elementor-element-populated\">\n\t\t\t\t\t\t<div class=\"elementor-element elementor-element-7ad84f26 elementor-widget elementor-widget-text-editor\" data-id=\"7ad84f26\" data-element_type=\"widget\" data-e-type=\"widget\" data-widget_type=\"text-editor.default\">\n\t\t\t\t<div class=\"elementor-widget-container\">\n\t\t\t\t\t\t\t\t\t<p>GLOBALFIELDS GmbH<\/p>\n\t\t\t\t\t\t\t\t<\/div>\n\t\t\t\t<\/div>\n\t\t\t\t<div class=\"elementor-element elementor-element-31c77bb elementor-widget elementor-widget-heading\" data-id=\"31c77bb\" data-element_type=\"widget\" data-e-type=\"widget\" data-widget_type=\"heading.default\">\n\t\t\t\t<div class=\"elementor-widget-container\">\n\t\t\t\t\t<h1 class=\"elementor-heading-title elementor-size-default\">Impressum<\/h1>\t\t\t\t<\/div>\n\t\t\t\t<\/div>\n\t\t\t\t\t<\/div>\n\t\t<\/div>\n\t\t\t\t\t<\/div>\n\t\t<\/section>\n\t\t\t\t<section class=\"elementor-section elementor-top-section elementor-element elementor-element-43e6d7fc elementor-section-content-middle elementor-section-boxed elementor-section-height-default elementor-section-height-default\" data-id=\"43e6d7fc\" data-element_type=\"section\" data-e-type=\"section\" data-settings=\"{&quot;background_background&quot;:&quot;classic&quot;}\">\n\t\t\t\t\t\t<div class=\"elementor-container elementor-column-gap-default\">\n\t\t\t\t\t<div class=\"elementor-column elementor-col-100 elementor-top-column elementor-element elementor-element-7405be67\" data-id=\"7405be67\" data-element_type=\"column\" data-e-type=\"column\" data-settings=\"{&quot;background_background&quot;:&quot;classic&quot;}\">\n\t\t\t<div class=\"elementor-widget-wrap elementor-element-populated\">\n\t\t\t\t\t\t<div class=\"elementor-element elementor-element-bad4871 elementor-widget elementor-widget-heading\" data-id=\"bad4871\" data-element_type=\"widget\" data-e-type=\"widget\" data-widget_type=\"heading.default\">\n\t\t\t\t<div class=\"elementor-widget-container\">\n\t\t\t\t\t<h4 class=\"elementor-heading-title elementor-size-default\">Registriert am:<\/h4>\t\t\t\t<\/div>\n\t\t\t\t<\/div>\n\t\t\t\t<div class=\"elementor-element elementor-element-8857019 elementor-widget elementor-widget-text-editor\" data-id=\"8857019\" data-element_type=\"widget\" data-e-type=\"widget\" data-widget_type=\"text-editor.default\">\n\t\t\t\t<div class=\"elementor-widget-container\">\n\t\t\t\t\t\t\t\t\t<p>05.08.2021<\/p>\n\t\t\t\t\t\t\t\t<\/div>\n\t\t\t\t<\/div>\n\t\t\t\t<div class=\"elementor-element elementor-element-6c21ad56 elementor-widget elementor-widget-heading\" data-id=\"6c21ad56\" data-element_type=\"widget\" data-e-type=\"widget\" data-widget_type=\"heading.default\">\n\t\t\t\t<div class=\"elementor-widget-container\">\n\t\t\t\t\t<h4 class=\"elementor-heading-title elementor-size-default\">Telefon:<\/h4>\t\t\t\t<\/div>\n\t\t\t\t<\/div>\n\t\t\t\t<div class=\"elementor-element elementor-element-b114f27 elementor-widget elementor-widget-text-editor\" data-id=\"b114f27\" data-element_type=\"widget\" data-e-type=\"widget\" data-widget_type=\"text-editor.default\">\n\t\t\t\t<div class=\"elementor-widget-container\">\n\t\t\t\t\t\t\t\t\t<p>+49 89 970526420<\/p>\n\t\t\t\t\t\t\t\t<\/div>\n\t\t\t\t<\/div>\n\t\t\t\t<div class=\"elementor-element elementor-element-c5278cc elementor-widget elementor-widget-heading\" data-id=\"c5278cc\" data-element_type=\"widget\" data-e-type=\"widget\" data-widget_type=\"heading.default\">\n\t\t\t\t<div class=\"elementor-widget-container\">\n\t\t\t\t\t<h4 class=\"elementor-heading-title elementor-size-default\">E-Mail:<\/h4>\t\t\t\t<\/div>\n\t\t\t\t<\/div>\n\t\t\t\t<div class=\"elementor-element elementor-element-61fac20 elementor-widget elementor-widget-text-editor\" data-id=\"61fac20\" data-element_type=\"widget\" data-e-type=\"widget\" data-widget_type=\"text-editor.default\">\n\t\t\t\t<div class=\"elementor-widget-container\">\n\t\t\t\t\t\t\t\t\t<p><a href=\"mailto:info@globalfields.eu\" target=\"_blank\" rel=\"noopener\">info@globalfields.eu<\/a><\/p>\n\t\t\t\t\t\t\t\t<\/div>\n\t\t\t\t<\/div>\n\t\t\t\t<div class=\"elementor-element elementor-element-33b99b8 elementor-widget elementor-widget-heading\" data-id=\"33b99b8\" data-element_type=\"widget\" data-e-type=\"widget\" data-widget_type=\"heading.default\">\n\t\t\t\t<div class=\"elementor-widget-container\">\n\t\t\t\t\t<h4 class=\"elementor-heading-title elementor-size-default\">Internet:<\/h4>\t\t\t\t<\/div>\n\t\t\t\t<\/div>\n\t\t\t\t<div class=\"elementor-element elementor-element-8b96d55 elementor-widget elementor-widget-text-editor\" data-id=\"8b96d55\" data-element_type=\"widget\" data-e-type=\"widget\" data-widget_type=\"text-editor.default\">\n\t\t\t\t<div class=\"elementor-widget-container\">\n\t\t\t\t\t\t\t\t\t<p><a href=\"http:\/\/www.globalfields.eu\/de\/\" target=\"_blank\" rel=\"noopener\">www.globalfields.eu<\/a><\/p>\n\t\t\t\t\t\t\t\t<\/div>\n\t\t\t\t<\/div>\n\t\t\t\t<div class=\"elementor-element elementor-element-4b9c762 elementor-widget elementor-widget-heading\" data-id=\"4b9c762\" data-element_type=\"widget\" data-e-type=\"widget\" data-widget_type=\"heading.default\">\n\t\t\t\t<div class=\"elementor-widget-container\">\n\t\t\t\t\t<h4 class=\"elementor-heading-title elementor-size-default\">Sitz in:<\/h4>\t\t\t\t<\/div>\n\t\t\t\t<\/div>\n\t\t\t\t<div class=\"elementor-element elementor-element-4c35e40 elementor-widget elementor-widget-text-editor\" data-id=\"4c35e40\" data-element_type=\"widget\" data-e-type=\"widget\" data-widget_type=\"text-editor.default\">\n\t\t\t\t<div class=\"elementor-widget-container\">\n\t\t\t\t\t\t\t\t\t<p>Airport \/ Flughafen Frankfurt &#8211; Cargo City Nord Tor 26, Geb\u00e4ude 456 Zimmer 3408 60459 Frankfurt\/M<\/p>\n\t\t\t\t\t\t\t\t<\/div>\n\t\t\t\t<\/div>\n\t\t\t\t<div class=\"elementor-element elementor-element-523dca8 elementor-widget elementor-widget-heading\" data-id=\"523dca8\" data-element_type=\"widget\" data-e-type=\"widget\" data-widget_type=\"heading.default\">\n\t\t\t\t<div class=\"elementor-widget-container\">\n\t\t\t\t\t<h4 class=\"elementor-heading-title elementor-size-default\">Gesch\u00e4ftsf\u00fchrer:<\/h4>\t\t\t\t<\/div>\n\t\t\t\t<\/div>\n\t\t\t\t<div class=\"elementor-element elementor-element-21fdc54 elementor-widget elementor-widget-text-editor\" data-id=\"21fdc54\" data-element_type=\"widget\" data-e-type=\"widget\" data-widget_type=\"text-editor.default\">\n\t\t\t\t<div class=\"elementor-widget-container\">\n\t\t\t\t\t\t\t\t\t<p>Gerhard Allg\u00e4uer, Michael M\u00fcnster<\/p>\n\t\t\t\t\t\t\t\t<\/div>\n\t\t\t\t<\/div>\n\t\t\t\t<div class=\"elementor-element elementor-element-c526fce elementor-widget elementor-widget-heading\" data-id=\"c526fce\" data-element_type=\"widget\" data-e-type=\"widget\" data-widget_type=\"heading.default\">\n\t\t\t\t<div class=\"elementor-widget-container\">\n\t\t\t\t\t<h4 class=\"elementor-heading-title elementor-size-default\">UID \u2013 Nr.:<\/h4>\t\t\t\t<\/div>\n\t\t\t\t<\/div>\n\t\t\t\t<div class=\"elementor-element elementor-element-eb3599e elementor-widget elementor-widget-text-editor\" data-id=\"eb3599e\" data-element_type=\"widget\" data-e-type=\"widget\" data-widget_type=\"text-editor.default\">\n\t\t\t\t<div class=\"elementor-widget-container\">\n\t\t\t\t\t\t\t\t\t<p>DE344748807<\/p>\n\t\t\t\t\t\t\t\t<\/div>\n\t\t\t\t<\/div>\n\t\t\t\t<div class=\"elementor-element elementor-element-912a8ee elementor-widget elementor-widget-heading\" data-id=\"912a8ee\" data-element_type=\"widget\" data-e-type=\"widget\" data-widget_type=\"heading.default\">\n\t\t\t\t<div class=\"elementor-widget-container\">\n\t\t\t\t\t<h4 class=\"elementor-heading-title elementor-size-default\">Handelsregister:<\/h4>\t\t\t\t<\/div>\n\t\t\t\t<\/div>\n\t\t\t\t<div class=\"elementor-element elementor-element-89d383f elementor-widget elementor-widget-text-editor\" data-id=\"89d383f\" data-element_type=\"widget\" data-e-type=\"widget\" data-widget_type=\"text-editor.default\">\n\t\t\t\t<div class=\"elementor-widget-container\">\n\t\t\t\t\t\t\t\t\t<p>HRB274228<\/p>\n\t\t\t\t\t\t\t\t<\/div>\n\t\t\t\t<\/div>\n\t\t\t\t<div class=\"elementor-element elementor-element-8cc8aa5 elementor-widget elementor-widget-heading\" data-id=\"8cc8aa5\" data-element_type=\"widget\" data-e-type=\"widget\" data-widget_type=\"heading.default\">\n\t\t\t\t<div class=\"elementor-widget-container\">\n\t\t\t\t\t<h4 class=\"elementor-heading-title elementor-size-default\">E-Mail-Adresse des Anbieters:<\/h4>\t\t\t\t<\/div>\n\t\t\t\t<\/div>\n\t\t\t\t<div class=\"elementor-element elementor-element-6f48002 elementor-widget elementor-widget-text-editor\" data-id=\"6f48002\" data-element_type=\"widget\" data-e-type=\"widget\" data-widget_type=\"text-editor.default\">\n\t\t\t\t<div class=\"elementor-widget-container\">\n\t\t\t\t\t\t\t\t\t<p><a href=\"mailto:info@globalfields.eu\" target=\"_blank\" rel=\"noopener\">info@globalfields.eu<\/a><\/p>\n\t\t\t\t\t\t\t\t<\/div>\n\t\t\t\t<\/div>\n\t\t\t\t\t<\/div>\n\t\t<\/div>\n\t\t\t\t\t<\/div>\n\t\t<\/section>\n\t\t\t\t<\/div>\n\t\t","protected":false},"excerpt":{"rendered":"<p>GLOBALFIELDS GmbH Impressum Registriert am: 05.08.2021 Telefon: +49 89 970526420 E-Mail: info@globalfields.eu Internet: www.globalfields.eu Sitz in: Airport \/ Flughafen Frankfurt &#8211; Cargo City Nord Tor 26, Geb\u00e4ude 456 Zimmer 3408 60459 Frankfurt\/M Gesch\u00e4ftsf\u00fchrer: Gerhard Allg\u00e4uer, Michael M\u00fcnster UID \u2013 Nr.: DE344748807 Handelsregister: HRB274228 E-Mail-Adresse des Anbieters: info@globalfields.eu<\/p>\n","protected":false},"author":1,"featured_media":0,"parent":0,"menu_order":0,"comment_status":"closed","ping_status":"closed","template":"","meta":{"footnotes":""},"class_list":["post-2018","page","type-page","status-publish","hentry"],"yoast_head":"<!-- This site is optimized with the Yoast SEO plugin v27.4 - https:\/\/yoast.com\/product\/yoast-seo-wordpress\/ -->\n<title>Impressum - Globalfields<\/title>\n<meta name=\"robots\" content=\"index, follow, max-snippet:-1, max-image-preview:large, max-video-preview:-1\" \/>\n<link rel=\"canonical\" href=\"https:\/\/www.globalfields.eu\/impressum\/\" \/>\n<meta property=\"og:locale\" content=\"de_DE\" \/>\n<meta property=\"og:type\" content=\"article\" \/>\n<meta property=\"og:title\" content=\"Impressum - Globalfields\" \/>\n<meta property=\"og:description\" content=\"GLOBALFIELDS GmbH Impressum Registriert am: 05.08.2021 Telefon: +49 89 970526420 E-Mail: info@globalfields.eu Internet: www.globalfields.eu Sitz in: Airport \/ Flughafen Frankfurt &#8211; Cargo City Nord Tor 26, Geb\u00e4ude 456 Zimmer 3408 60459 Frankfurt\/M Gesch\u00e4ftsf\u00fchrer: Gerhard Allg\u00e4uer, Michael M\u00fcnster UID \u2013 Nr.: DE344748807 Handelsregister: HRB274228 E-Mail-Adresse des Anbieters: info@globalfields.eu\" \/>\n<meta property=\"og:url\" content=\"https:\/\/www.globalfields.eu\/impressum\/\" \/>\n<meta property=\"og:site_name\" content=\"Globalfields\" \/>\n<meta property=\"article:modified_time\" content=\"2026-03-31T07:01:06+00:00\" \/>\n<meta name=\"twitter:card\" content=\"summary_large_image\" \/>\n<script type=\"application\/ld+json\" class=\"yoast-schema-graph\">{\"@context\":\"https:\\\/\\\/schema.org\",\"@graph\":[{\"@type\":\"WebPage\",\"@id\":\"https:\\\/\\\/www.globalfields.eu\\\/impressum\\\/\",\"url\":\"https:\\\/\\\/www.globalfields.eu\\\/impressum\\\/\",\"name\":\"Impressum - Globalfields\",\"isPartOf\":{\"@id\":\"https:\\\/\\\/www.globalfields.eu\\\/#website\"},\"datePublished\":\"2021-09-09T07:16:28+00:00\",\"dateModified\":\"2026-03-31T07:01:06+00:00\",\"breadcrumb\":{\"@id\":\"https:\\\/\\\/www.globalfields.eu\\\/impressum\\\/#breadcrumb\"},\"inLanguage\":\"de\",\"potentialAction\":[{\"@type\":\"ReadAction\",\"target\":[\"https:\\\/\\\/www.globalfields.eu\\\/impressum\\\/\"]}]},{\"@type\":\"BreadcrumbList\",\"@id\":\"https:\\\/\\\/www.globalfields.eu\\\/impressum\\\/#breadcrumb\",\"itemListElement\":[{\"@type\":\"ListItem\",\"position\":1,\"name\":\"Home\",\"item\":\"https:\\\/\\\/www.globalfields.eu\\\/\"},{\"@type\":\"ListItem\",\"position\":2,\"name\":\"Impressum\"}]},{\"@type\":\"WebSite\",\"@id\":\"https:\\\/\\\/www.globalfields.eu\\\/#website\",\"url\":\"https:\\\/\\\/www.globalfields.eu\\\/\",\"name\":\"Globalfields\",\"description\":\"Your reliable sourcing partner for fruit &amp; vegetables.\",\"publisher\":{\"@id\":\"https:\\\/\\\/www.globalfields.eu\\\/#organization\"},\"potentialAction\":[{\"@type\":\"SearchAction\",\"target\":{\"@type\":\"EntryPoint\",\"urlTemplate\":\"https:\\\/\\\/www.globalfields.eu\\\/?s={search_term_string}\"},\"query-input\":{\"@type\":\"PropertyValueSpecification\",\"valueRequired\":true,\"valueName\":\"search_term_string\"}}],\"inLanguage\":\"de\"},{\"@type\":\"Organization\",\"@id\":\"https:\\\/\\\/www.globalfields.eu\\\/#organization\",\"name\":\"Globalfields\",\"url\":\"https:\\\/\\\/www.globalfields.eu\\\/\",\"logo\":{\"@type\":\"ImageObject\",\"inLanguage\":\"de\",\"@id\":\"https:\\\/\\\/www.globalfields.eu\\\/#\\\/schema\\\/logo\\\/image\\\/\",\"url\":\"https:\\\/\\\/www.globalfields.eu\\\/wp-content\\\/uploads\\\/2021\\\/05\\\/Globalfields-logo-1.png\",\"contentUrl\":\"https:\\\/\\\/www.globalfields.eu\\\/wp-content\\\/uploads\\\/2021\\\/05\\\/Globalfields-logo-1.png\",\"width\":548,\"height\":119,\"caption\":\"Globalfields\"},\"image\":{\"@id\":\"https:\\\/\\\/www.globalfields.eu\\\/#\\\/schema\\\/logo\\\/image\\\/\"}}]}<\/script>\n<!-- \/ Yoast SEO plugin. -->","yoast_head_json":{"title":"Impressum - Globalfields","robots":{"index":"index","follow":"follow","max-snippet":"max-snippet:-1","max-image-preview":"max-image-preview:large","max-video-preview":"max-video-preview:-1"},"canonical":"https:\/\/www.globalfields.eu\/impressum\/","og_locale":"de_DE","og_type":"article","og_title":"Impressum - Globalfields","og_description":"GLOBALFIELDS GmbH Impressum Registriert am: 05.08.2021 Telefon: +49 89 970526420 E-Mail: info@globalfields.eu Internet: www.globalfields.eu Sitz in: Airport \/ Flughafen Frankfurt &#8211; Cargo City Nord Tor 26, Geb\u00e4ude 456 Zimmer 3408 60459 Frankfurt\/M Gesch\u00e4ftsf\u00fchrer: Gerhard Allg\u00e4uer, Michael M\u00fcnster UID \u2013 Nr.: DE344748807 Handelsregister: HRB274228 E-Mail-Adresse des Anbieters: info@globalfields.eu","og_url":"https:\/\/www.globalfields.eu\/impressum\/","og_site_name":"Globalfields","article_modified_time":"2026-03-31T07:01:06+00:00","twitter_card":"summary_large_image","schema":{"@context":"https:\/\/schema.org","@graph":[{"@type":"WebPage","@id":"https:\/\/www.globalfields.eu\/impressum\/","url":"https:\/\/www.globalfields.eu\/impressum\/","name":"Impressum - Globalfields","isPartOf":{"@id":"https:\/\/www.globalfields.eu\/#website"},"datePublished":"2021-09-09T07:16:28+00:00","dateModified":"2026-03-31T07:01:06+00:00","breadcrumb":{"@id":"https:\/\/www.globalfields.eu\/impressum\/#breadcrumb"},"inLanguage":"de","potentialAction":[{"@type":"ReadAction","target":["https:\/\/www.globalfields.eu\/impressum\/"]}]},{"@type":"BreadcrumbList","@id":"https:\/\/www.globalfields.eu\/impressum\/#breadcrumb","itemListElement":[{"@type":"ListItem","position":1,"name":"Home","item":"https:\/\/www.globalfields.eu\/"},{"@type":"ListItem","position":2,"name":"Impressum"}]},{"@type":"WebSite","@id":"https:\/\/www.globalfields.eu\/#website","url":"https:\/\/www.globalfields.eu\/","name":"Globalfields","description":"Your reliable sourcing partner for fruit &amp; vegetables.","publisher":{"@id":"https:\/\/www.globalfields.eu\/#organization"},"potentialAction":[{"@type":"SearchAction","target":{"@type":"EntryPoint","urlTemplate":"https:\/\/www.globalfields.eu\/?s={search_term_string}"},"query-input":{"@type":"PropertyValueSpecification","valueRequired":true,"valueName":"search_term_string"}}],"inLanguage":"de"},{"@type":"Organization","@id":"https:\/\/www.globalfields.eu\/#organization","name":"Globalfields","url":"https:\/\/www.globalfields.eu\/","logo":{"@type":"ImageObject","inLanguage":"de","@id":"https:\/\/www.globalfields.eu\/#\/schema\/logo\/image\/","url":"https:\/\/www.globalfields.eu\/wp-content\/uploads\/2021\/05\/Globalfields-logo-1.png","contentUrl":"https:\/\/www.globalfields.eu\/wp-content\/uploads\/2021\/05\/Globalfields-logo-1.png","width":548,"height":119,"caption":"Globalfields"},"image":{"@id":"https:\/\/www.globalfields.eu\/#\/schema\/logo\/image\/"}}]}},"_links":{"self":[{"href":"https:\/\/www.globalfields.eu\/de\/wp-json\/wp\/v2\/pages\/2018","targetHints":{"allow":["GET"]}}],"collection":[{"href":"https:\/\/www.globalfields.eu\/de\/wp-json\/wp\/v2\/pages"}],"about":[{"href":"https:\/\/www.globalfields.eu\/de\/wp-json\/wp\/v2\/types\/page"}],"author":[{"embeddable":true,"href":"https:\/\/www.globalfields.eu\/de\/wp-json\/wp\/v2\/users\/1"}],"replies":[{"embeddable":true,"href":"https:\/\/www.globalfields.eu\/de\/wp-json\/wp\/v2\/comments?post=2018"}],"version-history":[{"count":14,"href":"https:\/\/www.globalfields.eu\/de\/wp-json\/wp\/v2\/pages\/2018\/revisions"}],"predecessor-version":[{"id":2279,"href":"https:\/\/www.globalfields.eu\/de\/wp-json\/wp\/v2\/pages\/2018\/revisions\/2279"}],"wp:attachment":[{"href":"https:\/\/www.globalfields.eu\/de\/wp-json\/wp\/v2\/media?parent=2018"}],"curies":[{"name":"wp","href":"https:\/\/api.w.org\/{rel}","templated":true}]}}