{"id":1750,"date":"2021-07-21T10:35:44","date_gmt":"2021-07-21T08:35:44","guid":{"rendered":"https:\/\/www.globalfields.eu\/spargeln\/"},"modified":"2021-07-21T10:35:45","modified_gmt":"2021-07-21T08:35:45","slug":"spargeln","status":"publish","type":"page","link":"https:\/\/www.globalfields.eu\/de\/spargeln\/","title":{"rendered":"Spargeln"},"content":{"rendered":"\t\t<div data-elementor-type=\"wp-page\" data-elementor-id=\"1750\" class=\"elementor elementor-1750 elementor-1041\" data-elementor-post-type=\"page\">\n\t\t\t\t\t\t<section class=\"elementor-section elementor-top-section elementor-element elementor-element-4234ccb8 elementor-section-content-middle elementor-section-boxed elementor-section-height-default elementor-section-height-default\" data-id=\"4234ccb8\" data-element_type=\"section\" data-e-type=\"section\" data-settings=\"{&quot;background_background&quot;:&quot;classic&quot;}\">\n\t\t\t\t\t\t<div class=\"elementor-container elementor-column-gap-no\">\n\t\t\t\t\t<div class=\"elementor-column elementor-col-100 elementor-top-column elementor-element elementor-element-5148395f\" data-id=\"5148395f\" data-element_type=\"column\" data-e-type=\"column\">\n\t\t\t<div class=\"elementor-widget-wrap elementor-element-populated\">\n\t\t\t\t\t\t<div class=\"elementor-element elementor-element-275dad17 elementor-align-left elementor-widget elementor-widget-breadcrumbs\" data-id=\"275dad17\" data-element_type=\"widget\" data-e-type=\"widget\" data-widget_type=\"breadcrumbs.default\">\n\t\t\t\t<div class=\"elementor-widget-container\">\n\t\t\t\t\t<p id=\"breadcrumbs\"><span><span><a href=\"https:\/\/www.globalfields.eu\/\">Home<\/a><\/span><\/span><\/p>\t\t\t\t<\/div>\n\t\t\t\t<\/div>\n\t\t\t\t\t<\/div>\n\t\t<\/div>\n\t\t\t\t\t<\/div>\n\t\t<\/section>\n\t\t\t\t<section class=\"elementor-section elementor-top-section elementor-element elementor-element-6003bb27 elementor-section-boxed elementor-section-height-default elementor-section-height-default\" data-id=\"6003bb27\" data-element_type=\"section\" data-e-type=\"section\" data-settings=\"{&quot;background_background&quot;:&quot;classic&quot;}\">\n\t\t\t\t\t\t\t<div class=\"elementor-background-overlay\"><\/div>\n\t\t\t\t\t\t\t<div class=\"elementor-container elementor-column-gap-default\">\n\t\t\t\t\t<div class=\"elementor-column elementor-col-100 elementor-top-column elementor-element elementor-element-752cdc9f\" data-id=\"752cdc9f\" data-element_type=\"column\" data-e-type=\"column\">\n\t\t\t<div class=\"elementor-widget-wrap elementor-element-populated\">\n\t\t\t\t\t\t<div class=\"elementor-element elementor-element-250d3fca elementor-widget elementor-widget-text-editor\" data-id=\"250d3fca\" data-element_type=\"widget\" data-e-type=\"widget\" data-widget_type=\"text-editor.default\">\n\t\t\t\t<div class=\"elementor-widget-container\">\n\t\t\t\t\t\t\t\t\t<p>PRODUKTE<\/p>\n\t\t\t\t\t\t\t\t<\/div>\n\t\t\t\t<\/div>\n\t\t\t\t<div class=\"elementor-element elementor-element-2d87442e elementor-widget elementor-widget-heading\" data-id=\"2d87442e\" data-element_type=\"widget\" data-e-type=\"widget\" data-widget_type=\"heading.default\">\n\t\t\t\t<div class=\"elementor-widget-container\">\n\t\t\t\t\t<h1 class=\"elementor-heading-title elementor-size-default\">Gr\u00fcner und wei\u00dfer Spargel<\/h1>\t\t\t\t<\/div>\n\t\t\t\t<\/div>\n\t\t\t\t<div class=\"elementor-element elementor-element-5c5e07e5 elementor-widget elementor-widget-heading\" data-id=\"5c5e07e5\" data-element_type=\"widget\" data-e-type=\"widget\" data-widget_type=\"heading.default\">\n\t\t\t\t<div class=\"elementor-widget-container\">\n\t\t\t\t\t<h2 class=\"elementor-heading-title elementor-size-default\">Ausgew\u00e4hlte Produkte<\/h2>\t\t\t\t<\/div>\n\t\t\t\t<\/div>\n\t\t\t\t<div class=\"elementor-element elementor-element-1c7708a0 elementor-widget elementor-widget-text-editor\" data-id=\"1c7708a0\" data-element_type=\"widget\" data-e-type=\"widget\" data-widget_type=\"text-editor.default\">\n\t\t\t\t<div class=\"elementor-widget-container\">\n\t\t\t\t\t\t\t\t\t<p>Wir arbeiten ausschlie\u00dflich direkt mit Landwirten zusammen, die eine internationale Zertifizierung garantieren k\u00f6nnen. Unser Expertenteam erm\u00f6glicht es uns, die Sicherheit des Produkts, seine R\u00fcckverfolgbarkeit und Qualit\u00e4tskontrolle zu gew\u00e4hrleisten.<\/p>\n\t\t\t\t\t\t\t\t<\/div>\n\t\t\t\t<\/div>\n\t\t\t\t<div class=\"elementor-element elementor-element-bb5fbe4 elementor-widget elementor-widget-heading\" data-id=\"bb5fbe4\" data-element_type=\"widget\" data-e-type=\"widget\" data-widget_type=\"heading.default\">\n\t\t\t\t<div class=\"elementor-widget-container\">\n\t\t\t\t\t<h2 class=\"elementor-heading-title elementor-size-default\">Zuverl\u00e4ssigkeit<\/h2>\t\t\t\t<\/div>\n\t\t\t\t<\/div>\n\t\t\t\t<div class=\"elementor-element elementor-element-4d69103 elementor-widget elementor-widget-text-editor\" data-id=\"4d69103\" data-element_type=\"widget\" data-e-type=\"widget\" data-widget_type=\"text-editor.default\">\n\t\t\t\t<div class=\"elementor-widget-container\">\n\t\t\t\t\t\t\t\t\t<p>Unser Ziel ist es, die Anforderungen unserer Kunden zu erf\u00fcllen. Dar\u00fcber hinaus \u00fcbernehmen wir die kompetente und zuverl\u00e4ssige Abwicklung aller notwendigen Prozesse, stellen alle Arten von Verpackungen zur Verf\u00fcgung und \u00fcberwachen den gesamten Logistikprozess.<\/p>\n\t\t\t\t\t\t\t\t<\/div>\n\t\t\t\t<\/div>\n\t\t\t\t\t<\/div>\n\t\t<\/div>\n\t\t\t\t\t<\/div>\n\t\t<\/section>\n\t\t\t\t<section class=\"elementor-section elementor-top-section elementor-element elementor-element-3ed0cfee elementor-section-content-middle elementor-section-boxed elementor-section-height-default elementor-section-height-default\" data-id=\"3ed0cfee\" data-element_type=\"section\" data-e-type=\"section\" data-settings=\"{&quot;background_background&quot;:&quot;classic&quot;}\">\n\t\t\t\t\t\t<div class=\"elementor-container elementor-column-gap-default\">\n\t\t\t\t\t<div class=\"elementor-column elementor-col-100 elementor-top-column elementor-element elementor-element-704b4273\" data-id=\"704b4273\" data-element_type=\"column\" data-e-type=\"column\">\n\t\t\t<div class=\"elementor-widget-wrap elementor-element-populated\">\n\t\t\t\t\t\t<div class=\"elementor-element elementor-element-7d22fc33 elementor-widget elementor-widget-text-editor\" data-id=\"7d22fc33\" data-element_type=\"widget\" data-e-type=\"widget\" data-widget_type=\"text-editor.default\">\n\t\t\t\t<div class=\"elementor-widget-container\">\n\t\t\t\t\t\t\t\t\t<p>UNSERE PRODUKTE ENTSPRECHEN DEN INTERNATIONALEN NORMEN UND ZERTIFIZIERUNGEN<\/p>\n\t\t\t\t\t\t\t\t<\/div>\n\t\t\t\t<\/div>\n\t\t\t\t\t<\/div>\n\t\t<\/div>\n\t\t\t\t\t<\/div>\n\t\t<\/section>\n\t\t\t\t<section class=\"elementor-section elementor-top-section elementor-element elementor-element-23936cdd elementor-section-content-middle elementor-section-boxed elementor-section-height-default elementor-section-height-default\" data-id=\"23936cdd\" data-element_type=\"section\" data-e-type=\"section\" data-settings=\"{&quot;background_background&quot;:&quot;classic&quot;}\">\n\t\t\t\t\t\t<div class=\"elementor-container elementor-column-gap-default\">\n\t\t\t\t\t<div class=\"elementor-column elementor-col-50 elementor-top-column elementor-element elementor-element-278cb2aa\" data-id=\"278cb2aa\" data-element_type=\"column\" data-e-type=\"column\">\n\t\t\t<div class=\"elementor-widget-wrap elementor-element-populated\">\n\t\t\t\t\t\t<div class=\"elementor-element elementor-element-9a4299e elementor-widget elementor-widget-image\" data-id=\"9a4299e\" data-element_type=\"widget\" data-e-type=\"widget\" data-widget_type=\"image.default\">\n\t\t\t\t<div class=\"elementor-widget-container\">\n\t\t\t\t\t\t\t\t\t\t\t\t\t\t\t<img fetchpriority=\"high\" decoding=\"async\" width=\"800\" height=\"600\" src=\"https:\/\/www.globalfields.eu\/wp-content\/uploads\/2021\/05\/varesco-asparagi.jpg\" class=\"attachment-large size-large wp-image-1752\" alt=\"\" srcset=\"https:\/\/www.globalfields.eu\/wp-content\/uploads\/2021\/05\/varesco-asparagi.jpg 800w, https:\/\/www.globalfields.eu\/wp-content\/uploads\/2021\/05\/varesco-asparagi-300x225.jpg 300w, https:\/\/www.globalfields.eu\/wp-content\/uploads\/2021\/05\/varesco-asparagi-768x576.jpg 768w\" sizes=\"(max-width: 800px) 100vw, 800px\" \/>\t\t\t\t\t\t\t\t\t\t\t\t\t\t\t<\/div>\n\t\t\t\t<\/div>\n\t\t\t\t\t<\/div>\n\t\t<\/div>\n\t\t\t\t<div class=\"elementor-column elementor-col-50 elementor-top-column elementor-element elementor-element-3c9e118a\" data-id=\"3c9e118a\" data-element_type=\"column\" data-e-type=\"column\" data-settings=\"{&quot;background_background&quot;:&quot;classic&quot;}\">\n\t\t\t<div class=\"elementor-widget-wrap elementor-element-populated\">\n\t\t\t\t\t\t<div class=\"elementor-element elementor-element-6d69e7c elementor-align-start elementor-icon-list--layout-traditional elementor-list-item-link-full_width elementor-widget elementor-widget-icon-list\" data-id=\"6d69e7c\" data-element_type=\"widget\" data-e-type=\"widget\" data-widget_type=\"icon-list.default\">\n\t\t\t\t<div class=\"elementor-widget-container\">\n\t\t\t\t\t\t\t<ul class=\"elementor-icon-list-items\">\n\t\t\t\t\t\t\t<li class=\"elementor-icon-list-item\">\n\t\t\t\t\t\t\t\t\t\t\t<span class=\"elementor-icon-list-icon\">\n\t\t\t\t\t\t\t<i aria-hidden=\"true\" class=\"fas fa-dot-circle\"><\/i>\t\t\t\t\t\t<\/span>\n\t\t\t\t\t\t\t\t\t\t<span class=\"elementor-icon-list-text\"><strong>Kaliber:<\/strong> SMALL \u2022 STANDARD \u2022 LARGE \u2022 X-LARGE \u2022 JUMBO<\/span>\n\t\t\t\t\t\t\t\t\t<\/li>\n\t\t\t\t\t\t\t\t<li class=\"elementor-icon-list-item\">\n\t\t\t\t\t\t\t\t\t\t\t<span class=\"elementor-icon-list-icon\">\n\t\t\t\t\t\t\t<i aria-hidden=\"true\" class=\"fas fa-dice-d6\"><\/i>\t\t\t\t\t\t<\/span>\n\t\t\t\t\t\t\t\t\t\t<span class=\"elementor-icon-list-text\"><strong>Verpackung:<\/strong> 10 x 250 gr \u2022 12 x 420 gr \u2022 15 x 325 gr \u2022 12 x 1 kg6 x 1 kg \u2022 12 x 1 Kg bagged \u2022 25 x 200 gr \u2022 20 x 250 gr \u2022 34 x 150 gr \u2022 39 x 325 gr \u2022 8 x 420 gr \u2022 short green asparagus 5x200g<\/span>\n\t\t\t\t\t\t\t\t\t<\/li>\n\t\t\t\t\t\t<\/ul>\n\t\t\t\t\t\t<\/div>\n\t\t\t\t<\/div>\n\t\t\t\t<div class=\"elementor-element elementor-element-69f5476f elementor-widget elementor-widget-global elementor-global-1900 elementor-global-517 elementor-widget-button\" data-id=\"69f5476f\" data-element_type=\"widget\" data-e-type=\"widget\" data-widget_type=\"button.default\">\n\t\t\t\t<div class=\"elementor-widget-container\">\n\t\t\t\t\t\t\t\t\t<div class=\"elementor-button-wrapper\">\n\t\t\t\t\t<a class=\"elementor-button elementor-button-link elementor-size-sm\" href=\"https:\/\/www.globalfields.eu\/de\/kontakt\/\">\n\t\t\t\t\t\t<span class=\"elementor-button-content-wrapper\">\n\t\t\t\t\t\t\t\t\t<span class=\"elementor-button-text\">Kontaktieren Sie uns<\/span>\n\t\t\t\t\t<\/span>\n\t\t\t\t\t<\/a>\n\t\t\t\t<\/div>\n\t\t\t\t\t\t\t\t<\/div>\n\t\t\t\t<\/div>\n\t\t\t\t\t<\/div>\n\t\t<\/div>\n\t\t\t\t\t<\/div>\n\t\t<\/section>\n\t\t\t\t<section class=\"elementor-section elementor-top-section elementor-element elementor-element-cded457 elementor-section-boxed elementor-section-height-default elementor-section-height-default\" data-id=\"cded457\" data-element_type=\"section\" data-e-type=\"section\">\n\t\t\t\t\t\t<div class=\"elementor-container elementor-column-gap-default\">\n\t\t\t\t\t<div class=\"elementor-column elementor-col-100 elementor-top-column elementor-element elementor-element-b41b8ac\" data-id=\"b41b8ac\" data-element_type=\"column\" data-e-type=\"column\">\n\t\t\t<div class=\"elementor-widget-wrap\">\n\t\t\t\t\t\t\t<\/div>\n\t\t<\/div>\n\t\t\t\t\t<\/div>\n\t\t<\/section>\n\t\t\t\t<section class=\"elementor-section elementor-top-section elementor-element elementor-element-592beae elementor-section-full_width elementor-hidden-tablet elementor-hidden-phone elementor-section-height-default elementor-section-height-default\" data-id=\"592beae\" data-element_type=\"section\" data-e-type=\"section\" data-settings=\"{&quot;background_background&quot;:&quot;classic&quot;}\">\n\t\t\t\t\t\t<div class=\"elementor-container elementor-column-gap-no\">\n\t\t\t\t\t<div class=\"elementor-column elementor-col-100 elementor-top-column elementor-element elementor-element-62d2594\" data-id=\"62d2594\" data-element_type=\"column\" data-e-type=\"column\">\n\t\t\t<div class=\"elementor-widget-wrap\">\n\t\t\t\t\t\t\t<\/div>\n\t\t<\/div>\n\t\t\t\t\t<\/div>\n\t\t<\/section>\n\t\t\t\t<\/div>\n\t\t","protected":false},"excerpt":{"rendered":"<p>PRODUKTE Gr\u00fcner und wei\u00dfer Spargel Ausgew\u00e4hlte Produkte Wir arbeiten ausschlie\u00dflich direkt mit Landwirten zusammen, die eine internationale Zertifizierung garantieren k\u00f6nnen. Unser Expertenteam erm\u00f6glicht es uns, die Sicherheit des Produkts, seine R\u00fcckverfolgbarkeit und Qualit\u00e4tskontrolle zu gew\u00e4hrleisten. Zuverl\u00e4ssigkeit Unser Ziel ist es, die Anforderungen unserer Kunden zu erf\u00fcllen. Dar\u00fcber hinaus \u00fcbernehmen wir die kompetente und zuverl\u00e4ssige Abwicklung [&hellip;]<\/p>\n","protected":false},"author":1,"featured_media":0,"parent":0,"menu_order":0,"comment_status":"closed","ping_status":"closed","template":"","meta":{"footnotes":""},"class_list":["post-1750","page","type-page","status-publish","hentry"],"yoast_head":"<!-- This site is optimized with the Yoast SEO plugin v27.4 - https:\/\/yoast.com\/product\/yoast-seo-wordpress\/ -->\n<title>Spargeln - Globalfields<\/title>\n<meta name=\"robots\" content=\"index, follow, max-snippet:-1, max-image-preview:large, max-video-preview:-1\" \/>\n<link rel=\"canonical\" href=\"https:\/\/www.globalfields.eu\/de\/spargeln\/\" \/>\n<meta property=\"og:locale\" content=\"de_DE\" \/>\n<meta property=\"og:type\" content=\"article\" \/>\n<meta property=\"og:title\" content=\"Spargeln - Globalfields\" \/>\n<meta property=\"og:description\" content=\"PRODUKTE Gr\u00fcner und wei\u00dfer Spargel Ausgew\u00e4hlte Produkte Wir arbeiten ausschlie\u00dflich direkt mit Landwirten zusammen, die eine internationale Zertifizierung garantieren k\u00f6nnen. Unser Expertenteam erm\u00f6glicht es uns, die Sicherheit des Produkts, seine R\u00fcckverfolgbarkeit und Qualit\u00e4tskontrolle zu gew\u00e4hrleisten. Zuverl\u00e4ssigkeit Unser Ziel ist es, die Anforderungen unserer Kunden zu erf\u00fcllen. Dar\u00fcber hinaus \u00fcbernehmen wir die kompetente und zuverl\u00e4ssige Abwicklung [&hellip;]\" \/>\n<meta property=\"og:url\" content=\"https:\/\/www.globalfields.eu\/de\/spargeln\/\" \/>\n<meta property=\"og:site_name\" content=\"Globalfields\" \/>\n<meta property=\"article:modified_time\" content=\"2021-07-21T08:35:45+00:00\" \/>\n<meta property=\"og:image\" content=\"https:\/\/www.globalfields.eu\/wp-content\/uploads\/2021\/05\/varesco-asparagi.jpg\" \/>\n<meta name=\"twitter:card\" content=\"summary_large_image\" \/>\n<meta name=\"twitter:label1\" content=\"Gesch\u00e4tzte Lesezeit\" \/>\n\t<meta name=\"twitter:data1\" content=\"1\u00a0Minute\" \/>\n<script type=\"application\/ld+json\" class=\"yoast-schema-graph\">{\"@context\":\"https:\\\/\\\/schema.org\",\"@graph\":[{\"@type\":\"WebPage\",\"@id\":\"https:\\\/\\\/www.globalfields.eu\\\/de\\\/spargeln\\\/\",\"url\":\"https:\\\/\\\/www.globalfields.eu\\\/de\\\/spargeln\\\/\",\"name\":\"Spargeln - Globalfields\",\"isPartOf\":{\"@id\":\"https:\\\/\\\/www.globalfields.eu\\\/#website\"},\"primaryImageOfPage\":{\"@id\":\"https:\\\/\\\/www.globalfields.eu\\\/de\\\/spargeln\\\/#primaryimage\"},\"image\":{\"@id\":\"https:\\\/\\\/www.globalfields.eu\\\/de\\\/spargeln\\\/#primaryimage\"},\"thumbnailUrl\":\"https:\\\/\\\/www.globalfields.eu\\\/wp-content\\\/uploads\\\/2021\\\/05\\\/varesco-asparagi.jpg\",\"datePublished\":\"2021-07-21T08:35:44+00:00\",\"dateModified\":\"2021-07-21T08:35:45+00:00\",\"breadcrumb\":{\"@id\":\"https:\\\/\\\/www.globalfields.eu\\\/de\\\/spargeln\\\/#breadcrumb\"},\"inLanguage\":\"de\",\"potentialAction\":[{\"@type\":\"ReadAction\",\"target\":[\"https:\\\/\\\/www.globalfields.eu\\\/de\\\/spargeln\\\/\"]}]},{\"@type\":\"ImageObject\",\"inLanguage\":\"de\",\"@id\":\"https:\\\/\\\/www.globalfields.eu\\\/de\\\/spargeln\\\/#primaryimage\",\"url\":\"https:\\\/\\\/www.globalfields.eu\\\/wp-content\\\/uploads\\\/2021\\\/05\\\/varesco-asparagi.jpg\",\"contentUrl\":\"https:\\\/\\\/www.globalfields.eu\\\/wp-content\\\/uploads\\\/2021\\\/05\\\/varesco-asparagi.jpg\"},{\"@type\":\"BreadcrumbList\",\"@id\":\"https:\\\/\\\/www.globalfields.eu\\\/de\\\/spargeln\\\/#breadcrumb\",\"itemListElement\":[{\"@type\":\"ListItem\",\"position\":1,\"name\":\"Home\",\"item\":\"https:\\\/\\\/www.globalfields.eu\\\/\"},{\"@type\":\"ListItem\",\"position\":2,\"name\":\"Spargeln\"}]},{\"@type\":\"WebSite\",\"@id\":\"https:\\\/\\\/www.globalfields.eu\\\/#website\",\"url\":\"https:\\\/\\\/www.globalfields.eu\\\/\",\"name\":\"Globalfields\",\"description\":\"Your reliable sourcing partner for fruit &amp; vegetables.\",\"publisher\":{\"@id\":\"https:\\\/\\\/www.globalfields.eu\\\/#organization\"},\"potentialAction\":[{\"@type\":\"SearchAction\",\"target\":{\"@type\":\"EntryPoint\",\"urlTemplate\":\"https:\\\/\\\/www.globalfields.eu\\\/?s={search_term_string}\"},\"query-input\":{\"@type\":\"PropertyValueSpecification\",\"valueRequired\":true,\"valueName\":\"search_term_string\"}}],\"inLanguage\":\"de\"},{\"@type\":\"Organization\",\"@id\":\"https:\\\/\\\/www.globalfields.eu\\\/#organization\",\"name\":\"Globalfields\",\"url\":\"https:\\\/\\\/www.globalfields.eu\\\/\",\"logo\":{\"@type\":\"ImageObject\",\"inLanguage\":\"de\",\"@id\":\"https:\\\/\\\/www.globalfields.eu\\\/#\\\/schema\\\/logo\\\/image\\\/\",\"url\":\"https:\\\/\\\/www.globalfields.eu\\\/wp-content\\\/uploads\\\/2021\\\/05\\\/Globalfields-logo-1.png\",\"contentUrl\":\"https:\\\/\\\/www.globalfields.eu\\\/wp-content\\\/uploads\\\/2021\\\/05\\\/Globalfields-logo-1.png\",\"width\":548,\"height\":119,\"caption\":\"Globalfields\"},\"image\":{\"@id\":\"https:\\\/\\\/www.globalfields.eu\\\/#\\\/schema\\\/logo\\\/image\\\/\"}}]}<\/script>\n<!-- \/ Yoast SEO plugin. -->","yoast_head_json":{"title":"Spargeln - Globalfields","robots":{"index":"index","follow":"follow","max-snippet":"max-snippet:-1","max-image-preview":"max-image-preview:large","max-video-preview":"max-video-preview:-1"},"canonical":"https:\/\/www.globalfields.eu\/de\/spargeln\/","og_locale":"de_DE","og_type":"article","og_title":"Spargeln - Globalfields","og_description":"PRODUKTE Gr\u00fcner und wei\u00dfer Spargel Ausgew\u00e4hlte Produkte Wir arbeiten ausschlie\u00dflich direkt mit Landwirten zusammen, die eine internationale Zertifizierung garantieren k\u00f6nnen. Unser Expertenteam erm\u00f6glicht es uns, die Sicherheit des Produkts, seine R\u00fcckverfolgbarkeit und Qualit\u00e4tskontrolle zu gew\u00e4hrleisten. Zuverl\u00e4ssigkeit Unser Ziel ist es, die Anforderungen unserer Kunden zu erf\u00fcllen. Dar\u00fcber hinaus \u00fcbernehmen wir die kompetente und zuverl\u00e4ssige Abwicklung [&hellip;]","og_url":"https:\/\/www.globalfields.eu\/de\/spargeln\/","og_site_name":"Globalfields","article_modified_time":"2021-07-21T08:35:45+00:00","og_image":[{"url":"https:\/\/www.globalfields.eu\/wp-content\/uploads\/2021\/05\/varesco-asparagi.jpg","type":"","width":"","height":""}],"twitter_card":"summary_large_image","twitter_misc":{"Gesch\u00e4tzte Lesezeit":"1\u00a0Minute"},"schema":{"@context":"https:\/\/schema.org","@graph":[{"@type":"WebPage","@id":"https:\/\/www.globalfields.eu\/de\/spargeln\/","url":"https:\/\/www.globalfields.eu\/de\/spargeln\/","name":"Spargeln - Globalfields","isPartOf":{"@id":"https:\/\/www.globalfields.eu\/#website"},"primaryImageOfPage":{"@id":"https:\/\/www.globalfields.eu\/de\/spargeln\/#primaryimage"},"image":{"@id":"https:\/\/www.globalfields.eu\/de\/spargeln\/#primaryimage"},"thumbnailUrl":"https:\/\/www.globalfields.eu\/wp-content\/uploads\/2021\/05\/varesco-asparagi.jpg","datePublished":"2021-07-21T08:35:44+00:00","dateModified":"2021-07-21T08:35:45+00:00","breadcrumb":{"@id":"https:\/\/www.globalfields.eu\/de\/spargeln\/#breadcrumb"},"inLanguage":"de","potentialAction":[{"@type":"ReadAction","target":["https:\/\/www.globalfields.eu\/de\/spargeln\/"]}]},{"@type":"ImageObject","inLanguage":"de","@id":"https:\/\/www.globalfields.eu\/de\/spargeln\/#primaryimage","url":"https:\/\/www.globalfields.eu\/wp-content\/uploads\/2021\/05\/varesco-asparagi.jpg","contentUrl":"https:\/\/www.globalfields.eu\/wp-content\/uploads\/2021\/05\/varesco-asparagi.jpg"},{"@type":"BreadcrumbList","@id":"https:\/\/www.globalfields.eu\/de\/spargeln\/#breadcrumb","itemListElement":[{"@type":"ListItem","position":1,"name":"Home","item":"https:\/\/www.globalfields.eu\/"},{"@type":"ListItem","position":2,"name":"Spargeln"}]},{"@type":"WebSite","@id":"https:\/\/www.globalfields.eu\/#website","url":"https:\/\/www.globalfields.eu\/","name":"Globalfields","description":"Your reliable sourcing partner for fruit &amp; vegetables.","publisher":{"@id":"https:\/\/www.globalfields.eu\/#organization"},"potentialAction":[{"@type":"SearchAction","target":{"@type":"EntryPoint","urlTemplate":"https:\/\/www.globalfields.eu\/?s={search_term_string}"},"query-input":{"@type":"PropertyValueSpecification","valueRequired":true,"valueName":"search_term_string"}}],"inLanguage":"de"},{"@type":"Organization","@id":"https:\/\/www.globalfields.eu\/#organization","name":"Globalfields","url":"https:\/\/www.globalfields.eu\/","logo":{"@type":"ImageObject","inLanguage":"de","@id":"https:\/\/www.globalfields.eu\/#\/schema\/logo\/image\/","url":"https:\/\/www.globalfields.eu\/wp-content\/uploads\/2021\/05\/Globalfields-logo-1.png","contentUrl":"https:\/\/www.globalfields.eu\/wp-content\/uploads\/2021\/05\/Globalfields-logo-1.png","width":548,"height":119,"caption":"Globalfields"},"image":{"@id":"https:\/\/www.globalfields.eu\/#\/schema\/logo\/image\/"}}]}},"_links":{"self":[{"href":"https:\/\/www.globalfields.eu\/de\/wp-json\/wp\/v2\/pages\/1750","targetHints":{"allow":["GET"]}}],"collection":[{"href":"https:\/\/www.globalfields.eu\/de\/wp-json\/wp\/v2\/pages"}],"about":[{"href":"https:\/\/www.globalfields.eu\/de\/wp-json\/wp\/v2\/types\/page"}],"author":[{"embeddable":true,"href":"https:\/\/www.globalfields.eu\/de\/wp-json\/wp\/v2\/users\/1"}],"replies":[{"embeddable":true,"href":"https:\/\/www.globalfields.eu\/de\/wp-json\/wp\/v2\/comments?post=1750"}],"version-history":[{"count":1,"href":"https:\/\/www.globalfields.eu\/de\/wp-json\/wp\/v2\/pages\/1750\/revisions"}],"predecessor-version":[{"id":1751,"href":"https:\/\/www.globalfields.eu\/de\/wp-json\/wp\/v2\/pages\/1750\/revisions\/1751"}],"wp:attachment":[{"href":"https:\/\/www.globalfields.eu\/de\/wp-json\/wp\/v2\/media?parent=1750"}],"curies":[{"name":"wp","href":"https:\/\/api.w.org\/{rel}","templated":true}]}}